{"id":2,"date":"2026-01-13T13:25:31","date_gmt":"2026-01-13T13:25:31","guid":{"rendered":"https:\/\/zabytki.rzeszow.pl\/?page_id=2"},"modified":"2026-01-22T20:47:12","modified_gmt":"2026-01-22T20:47:12","slug":"sample-page","status":"publish","type":"page","link":"https:\/\/zabytki.rzeszow.pl\/?page_id=2","title":{"rendered":"O podca\u015bcie"},"content":{"rendered":"\n<div class=\"wp-block-jetpack-markdown\"><p>Zapraszamy Was na\u00a0spotkanie z\u00a0histori\u0105 ukryt\u0105 w\u00a0murach, ulicach i\u00a0zakamarkach Rzeszowa. W\u00a0cyklu\u00a0 \u201eZnane, niezapominanie\u201d\u00a0odkrywamy miejsca, kt\u00f3re mijamy na\u00a0co\u00a0dzie\u0144, cz\u0119sto nie\u00a0znaj\u0105c ich niezwyk\u0142ych dziej\u00f3w. Przewodnikami w\u00a0tej\u00a0podr\u00f3\u017cy s\u0105\u00a0pasja, ciekawo\u015b\u0107 i\u00a0opowie\u015bci, kt\u00f3re przybli\u017caj\u0105 bogactwo rzeszowskiego dziedzictwa.<\/p>\n<\/div>\n\n\n\n<blockquote class=\"wp-block-quote is-layout-flow wp-block-quote-is-layout-flow\"><\/blockquote>\n\n\n\n<blockquote class=\"wp-block-quote is-layout-flow wp-block-quote-is-layout-flow\"><\/blockquote>\n\n\n\n<p><\/p>\n","protected":false},"excerpt":{"rendered":"","protected":false},"author":1,"featured_media":0,"parent":0,"menu_order":0,"comment_status":"closed","ping_status":"open","template":"","meta":{"footnotes":""},"class_list":["post-2","page","type-page","status-publish","hentry"],"blocksy_meta":[],"jetpack_sharing_enabled":true,"_links":{"self":[{"href":"https:\/\/zabytki.rzeszow.pl\/index.php?rest_route=\/wp\/v2\/pages\/2","targetHints":{"allow":["GET"]}}],"collection":[{"href":"https:\/\/zabytki.rzeszow.pl\/index.php?rest_route=\/wp\/v2\/pages"}],"about":[{"href":"https:\/\/zabytki.rzeszow.pl\/index.php?rest_route=\/wp\/v2\/types\/page"}],"author":[{"embeddable":true,"href":"https:\/\/zabytki.rzeszow.pl\/index.php?rest_route=\/wp\/v2\/users\/1"}],"replies":[{"embeddable":true,"href":"https:\/\/zabytki.rzeszow.pl\/index.php?rest_route=%2Fwp%2Fv2%2Fcomments&post=2"}],"version-history":[{"count":1,"href":"https:\/\/zabytki.rzeszow.pl\/index.php?rest_route=\/wp\/v2\/pages\/2\/revisions"}],"predecessor-version":[{"id":70,"href":"https:\/\/zabytki.rzeszow.pl\/index.php?rest_route=\/wp\/v2\/pages\/2\/revisions\/70"}],"wp:attachment":[{"href":"https:\/\/zabytki.rzeszow.pl\/index.php?rest_route=%2Fwp%2Fv2%2Fmedia&parent=2"}],"curies":[{"name":"wp","href":"https:\/\/api.w.org\/{rel}","templated":true}]}}